{"id":46,"date":"2026-01-06T19:36:12","date_gmt":"2026-01-06T11:36:12","guid":{"rendered":"http:\/\/eyesgo.io.vn\/?post_type=product&#038;p=46"},"modified":"2026-01-06T19:36:12","modified_gmt":"2026-01-06T11:36:12","slug":"kinh-mat-gong-nhua-trong-dang-vuong","status":"publish","type":"product","link":"https:\/\/eyesgo.io.vn\/index.php\/san-pham\/kinh-mat-gong-nhua-trong-dang-vuong\/","title":{"rendered":"K\u00ednh m\u00e1t g\u1ecdng nh\u1ef1a trong d\u00e1ng vu\u00f4ng"},"content":{"rendered":"<p>K\u00ednh m\u00e1t g\u1ecdng nh\u1ef1a hi\u1ec7n \u0111\u1ea1i, d\u00e1ng vu\u00f4ng d\u1ec5 \u0111eo v\u00e0 ph\u00f9 h\u1ee3p nhi\u1ec1u khu\u00f4n m\u1eb7t. Tr\u00f2ng k\u00ednh t\u1ed1i m\u00e0u t\u1ea1o c\u1ea3m gi\u00e1c c\u00e1 t\u00ednh nh\u01b0ng v\u1eabn tinh t\u1ebf. Thi\u1ebft k\u1ebf nh\u1eb9, tho\u1ea3i m\u00e1i, th\u00edch h\u1ee3p s\u1eed d\u1ee5ng h\u1eb1ng ng\u00e0y.<\/p>\n","protected":false},"excerpt":{"rendered":"<p>K\u00ednh m\u00e1t g\u1ecdng nh\u1ef1a hi\u1ec7n \u0111\u1ea1i, d\u00e1ng vu\u00f4ng d\u1ec5 \u0111eo v\u00e0 ph\u00f9 h\u1ee3p nhi\u1ec1u khu\u00f4n m\u1eb7t. Tr\u00f2ng k\u00ednh t\u1ed1i m\u00e0u t\u1ea1o c\u1ea3m gi\u00e1c c\u00e1 t\u00ednh nh\u01b0ng v\u1eabn tinh t\u1ebf. Thi\u1ebft k\u1ebf nh\u1eb9, tho\u1ea3i m\u00e1i, th\u00edch h\u1ee3p s\u1eed d\u1ee5ng h\u1eb1ng ng\u00e0y.<\/p>\n","protected":false},"featured_media":48,"comment_status":"open","ping_status":"closed","template":"","meta":[],"product_brand":[],"product_cat":[19],"product_tag":[],"class_list":{"0":"post-46","1":"product","2":"type-product","3":"status-publish","4":"has-post-thumbnail","6":"product_cat-kinh-ram","8":"first","9":"instock","10":"shipping-taxable","11":"purchasable","12":"product-type-simple"},"jetpack_sharing_enabled":true,"_links":{"self":[{"href":"https:\/\/eyesgo.io.vn\/index.php\/wp-json\/wp\/v2\/product\/46","targetHints":{"allow":["GET"]}}],"collection":[{"href":"https:\/\/eyesgo.io.vn\/index.php\/wp-json\/wp\/v2\/product"}],"about":[{"href":"https:\/\/eyesgo.io.vn\/index.php\/wp-json\/wp\/v2\/types\/product"}],"replies":[{"embeddable":true,"href":"https:\/\/eyesgo.io.vn\/index.php\/wp-json\/wp\/v2\/comments?post=46"}],"wp:featuredmedia":[{"embeddable":true,"href":"https:\/\/eyesgo.io.vn\/index.php\/wp-json\/wp\/v2\/media\/48"}],"wp:attachment":[{"href":"https:\/\/eyesgo.io.vn\/index.php\/wp-json\/wp\/v2\/media?parent=46"}],"wp:term":[{"taxonomy":"product_brand","embeddable":true,"href":"https:\/\/eyesgo.io.vn\/index.php\/wp-json\/wp\/v2\/product_brand?post=46"},{"taxonomy":"product_cat","embeddable":true,"href":"https:\/\/eyesgo.io.vn\/index.php\/wp-json\/wp\/v2\/product_cat?post=46"},{"taxonomy":"product_tag","embeddable":true,"href":"https:\/\/eyesgo.io.vn\/index.php\/wp-json\/wp\/v2\/product_tag?post=46"}],"curies":[{"name":"wp","href":"https:\/\/api.w.org\/{rel}","templated":true}]}}