{"id":24,"date":"2026-01-06T18:56:37","date_gmt":"2026-01-06T10:56:37","guid":{"rendered":"http:\/\/eyesgo.io.vn\/?post_type=product&#038;p=24"},"modified":"2026-01-06T18:57:12","modified_gmt":"2026-01-06T10:57:12","slug":"gong-kinh-nhua-cao-cap-dang-mat-meo","status":"publish","type":"product","link":"https:\/\/eyesgo.io.vn\/index.php\/san-pham\/gong-kinh-nhua-cao-cap-dang-mat-meo\/","title":{"rendered":"G\u1ecdng k\u00ednh nh\u1ef1a cao c\u1ea5p d\u00e1ng m\u1eaft m\u00e8o"},"content":{"rendered":"<p>G\u1ecdng k\u00ednh d\u00e1ng m\u1eaft m\u00e8o c\u00e1 t\u00ednh, ch\u1ea5t li\u1ec7u nh\u1ef1a cao c\u1ea5p ch\u1eafc ch\u1eafn nh\u01b0ng nh\u1eb9. Ph\u00f9 h\u1ee3p v\u1edbi phong c\u00e1ch thanh l\u1ecbch, hi\u1ec7n \u0111\u1ea1i, d\u1ec5 ph\u1ed1i v\u1edbi nhi\u1ec1u trang ph\u1ee5c kh\u00e1c nhau.<\/p>\n","protected":false},"excerpt":{"rendered":"<p>G\u1ecdng k\u00ednh d\u00e1ng m\u1eaft m\u00e8o c\u00e1 t\u00ednh, ch\u1ea5t li\u1ec7u nh\u1ef1a cao c\u1ea5p ch\u1eafc ch\u1eafn nh\u01b0ng nh\u1eb9. Ph\u00f9 h\u1ee3p v\u1edbi phong c\u00e1ch thanh l\u1ecbch, hi\u1ec7n \u0111\u1ea1i, d\u1ec5 ph\u1ed1i v\u1edbi nhi\u1ec1u trang ph\u1ee5c kh\u00e1c nhau.<\/p>\n","protected":false},"featured_media":25,"comment_status":"open","ping_status":"closed","template":"","meta":[],"product_brand":[],"product_cat":[18],"product_tag":[],"class_list":{"0":"post-24","1":"product","2":"type-product","3":"status-publish","4":"has-post-thumbnail","6":"product_cat-gong-kinh-nhua","8":"first","9":"instock","10":"shipping-taxable","11":"purchasable","12":"product-type-simple"},"jetpack_sharing_enabled":true,"_links":{"self":[{"href":"https:\/\/eyesgo.io.vn\/index.php\/wp-json\/wp\/v2\/product\/24","targetHints":{"allow":["GET"]}}],"collection":[{"href":"https:\/\/eyesgo.io.vn\/index.php\/wp-json\/wp\/v2\/product"}],"about":[{"href":"https:\/\/eyesgo.io.vn\/index.php\/wp-json\/wp\/v2\/types\/product"}],"replies":[{"embeddable":true,"href":"https:\/\/eyesgo.io.vn\/index.php\/wp-json\/wp\/v2\/comments?post=24"}],"wp:featuredmedia":[{"embeddable":true,"href":"https:\/\/eyesgo.io.vn\/index.php\/wp-json\/wp\/v2\/media\/25"}],"wp:attachment":[{"href":"https:\/\/eyesgo.io.vn\/index.php\/wp-json\/wp\/v2\/media?parent=24"}],"wp:term":[{"taxonomy":"product_brand","embeddable":true,"href":"https:\/\/eyesgo.io.vn\/index.php\/wp-json\/wp\/v2\/product_brand?post=24"},{"taxonomy":"product_cat","embeddable":true,"href":"https:\/\/eyesgo.io.vn\/index.php\/wp-json\/wp\/v2\/product_cat?post=24"},{"taxonomy":"product_tag","embeddable":true,"href":"https:\/\/eyesgo.io.vn\/index.php\/wp-json\/wp\/v2\/product_tag?post=24"}],"curies":[{"name":"wp","href":"https:\/\/api.w.org\/{rel}","templated":true}]}}