{"id":65,"date":"2026-01-06T19:52:55","date_gmt":"2026-01-06T11:52:55","guid":{"rendered":"http:\/\/eyesgo.io.vn\/?post_type=product&#038;p=65"},"modified":"2026-01-06T19:52:55","modified_gmt":"2026-01-06T11:52:55","slug":"kinh-mat-vuong-gong-nhua-cao-cap","status":"publish","type":"product","link":"http:\/\/eyesgo.io.vn\/index.php\/san-pham\/kinh-mat-vuong-gong-nhua-cao-cap\/","title":{"rendered":"K\u00ednh m\u00e1t vu\u00f4ng g\u1ecdng nh\u1ef1a cao c\u1ea5p"},"content":{"rendered":"<p>K\u00ednh m\u00e1t d\u00e1ng vu\u00f4ng g\u1ecdng nh\u1ef1a cao c\u1ea5p ch\u1eafc ch\u1eafn. Tr\u00f2ng k\u00ednh t\u1ed1i m\u00e0u gi\u00fap gi\u1ea3m ch\u00f3i, b\u1ea3o v\u1ec7 m\u1eaft khi \u0111i n\u1eafng.<\/p>\n","protected":false},"excerpt":{"rendered":"<p>K\u00ednh m\u00e1t d\u00e1ng vu\u00f4ng g\u1ecdng nh\u1ef1a cao c\u1ea5p ch\u1eafc ch\u1eafn. Tr\u00f2ng k\u00ednh t\u1ed1i m\u00e0u gi\u00fap gi\u1ea3m ch\u00f3i, b\u1ea3o v\u1ec7 m\u1eaft khi \u0111i n\u1eafng.<\/p>\n","protected":false},"featured_media":66,"comment_status":"open","ping_status":"closed","template":"","meta":[],"product_brand":[],"product_cat":[19],"product_tag":[],"class_list":{"0":"post-65","1":"product","2":"type-product","3":"status-publish","4":"has-post-thumbnail","6":"product_cat-kinh-ram","8":"first","9":"instock","10":"shipping-taxable","11":"purchasable","12":"product-type-simple"},"jetpack_sharing_enabled":true,"_links":{"self":[{"href":"http:\/\/eyesgo.io.vn\/index.php\/wp-json\/wp\/v2\/product\/65","targetHints":{"allow":["GET"]}}],"collection":[{"href":"http:\/\/eyesgo.io.vn\/index.php\/wp-json\/wp\/v2\/product"}],"about":[{"href":"http:\/\/eyesgo.io.vn\/index.php\/wp-json\/wp\/v2\/types\/product"}],"replies":[{"embeddable":true,"href":"http:\/\/eyesgo.io.vn\/index.php\/wp-json\/wp\/v2\/comments?post=65"}],"wp:featuredmedia":[{"embeddable":true,"href":"http:\/\/eyesgo.io.vn\/index.php\/wp-json\/wp\/v2\/media\/66"}],"wp:attachment":[{"href":"http:\/\/eyesgo.io.vn\/index.php\/wp-json\/wp\/v2\/media?parent=65"}],"wp:term":[{"taxonomy":"product_brand","embeddable":true,"href":"http:\/\/eyesgo.io.vn\/index.php\/wp-json\/wp\/v2\/product_brand?post=65"},{"taxonomy":"product_cat","embeddable":true,"href":"http:\/\/eyesgo.io.vn\/index.php\/wp-json\/wp\/v2\/product_cat?post=65"},{"taxonomy":"product_tag","embeddable":true,"href":"http:\/\/eyesgo.io.vn\/index.php\/wp-json\/wp\/v2\/product_tag?post=65"}],"curies":[{"name":"wp","href":"https:\/\/api.w.org\/{rel}","templated":true}]}}