{"id":61,"date":"2026-01-06T19:47:53","date_gmt":"2026-01-06T11:47:53","guid":{"rendered":"http:\/\/eyesgo.io.vn\/?post_type=product&#038;p=61"},"modified":"2026-01-06T19:47:53","modified_gmt":"2026-01-06T11:47:53","slug":"gong-kinh-da-giac-kim-loai","status":"publish","type":"product","link":"http:\/\/eyesgo.io.vn\/index.php\/san-pham\/gong-kinh-da-giac-kim-loai\/","title":{"rendered":"G\u1ecdng k\u00ednh \u0111a gi\u00e1c kim lo\u1ea1i"},"content":{"rendered":"<p>Thi\u1ebft k\u1ebf d\u00e1ng \u0111a gi\u00e1c \u0111\u1ed9c \u0111\u00e1o, g\u1ecdng kim lo\u1ea1i m\u1ea3nh nh\u1eb9 mang phong c\u00e1ch hi\u1ec7n \u0111\u1ea1i. Ph\u00f9 h\u1ee3p v\u1edbi nh\u1eefng ai y\u00eau th\u00edch s\u1ef1 m\u1edbi l\u1ea1, th\u1eddi trang.<\/p>\n","protected":false},"excerpt":{"rendered":"<p>Thi\u1ebft k\u1ebf d\u00e1ng \u0111a gi\u00e1c \u0111\u1ed9c \u0111\u00e1o, g\u1ecdng kim lo\u1ea1i m\u1ea3nh nh\u1eb9 mang phong c\u00e1ch hi\u1ec7n \u0111\u1ea1i. Ph\u00f9 h\u1ee3p v\u1edbi nh\u1eefng ai y\u00eau th\u00edch s\u1ef1 m\u1edbi l\u1ea1, th\u1eddi trang.<\/p>\n","protected":false},"featured_media":62,"comment_status":"open","ping_status":"closed","template":"","meta":[],"product_brand":[],"product_cat":[17],"product_tag":[],"class_list":{"0":"post-61","1":"product","2":"type-product","3":"status-publish","4":"has-post-thumbnail","6":"product_cat-gong-kinh-kim-loai","8":"first","9":"instock","10":"shipping-taxable","11":"purchasable","12":"product-type-simple"},"jetpack_sharing_enabled":true,"_links":{"self":[{"href":"http:\/\/eyesgo.io.vn\/index.php\/wp-json\/wp\/v2\/product\/61","targetHints":{"allow":["GET"]}}],"collection":[{"href":"http:\/\/eyesgo.io.vn\/index.php\/wp-json\/wp\/v2\/product"}],"about":[{"href":"http:\/\/eyesgo.io.vn\/index.php\/wp-json\/wp\/v2\/types\/product"}],"replies":[{"embeddable":true,"href":"http:\/\/eyesgo.io.vn\/index.php\/wp-json\/wp\/v2\/comments?post=61"}],"wp:featuredmedia":[{"embeddable":true,"href":"http:\/\/eyesgo.io.vn\/index.php\/wp-json\/wp\/v2\/media\/62"}],"wp:attachment":[{"href":"http:\/\/eyesgo.io.vn\/index.php\/wp-json\/wp\/v2\/media?parent=61"}],"wp:term":[{"taxonomy":"product_brand","embeddable":true,"href":"http:\/\/eyesgo.io.vn\/index.php\/wp-json\/wp\/v2\/product_brand?post=61"},{"taxonomy":"product_cat","embeddable":true,"href":"http:\/\/eyesgo.io.vn\/index.php\/wp-json\/wp\/v2\/product_cat?post=61"},{"taxonomy":"product_tag","embeddable":true,"href":"http:\/\/eyesgo.io.vn\/index.php\/wp-json\/wp\/v2\/product_tag?post=61"}],"curies":[{"name":"wp","href":"https:\/\/api.w.org\/{rel}","templated":true}]}}