{"id":32,"date":"2026-01-06T19:14:17","date_gmt":"2026-01-06T11:14:17","guid":{"rendered":"http:\/\/eyesgo.io.vn\/?post_type=product&#038;p=32"},"modified":"2026-01-06T19:14:17","modified_gmt":"2026-01-06T11:14:17","slug":"kinh-ram-mat-meo-gong-kim-loai-titanium","status":"publish","type":"product","link":"http:\/\/eyesgo.io.vn\/index.php\/san-pham\/kinh-ram-mat-meo-gong-kim-loai-titanium\/","title":{"rendered":"K\u00ednh r\u00e2m m\u1eaft m\u00e8o g\u1ecdng kim lo\u1ea1i Titanium"},"content":{"rendered":"<p>K\u00ednh r\u00e2m d\u00e1ng m\u1eaft m\u00e8o thi\u1ebft k\u1ebf g\u1ecdng kim lo\u1ea1i Titanium cao c\u1ea5p si\u00eau nh\u1eb9 v\u00e0 b\u1ec1n ch\u1eafc. Tr\u00f2ng k\u00ednh t\u1ed1i m\u00e0u gi\u00fap gi\u1ea3m ch\u00f3i, b\u1ea3o v\u1ec7 m\u1eaft hi\u1ec7u qu\u1ea3 khi \u0111i n\u1eafng.<\/p>\n","protected":false},"excerpt":{"rendered":"<p>K\u00ednh r\u00e2m d\u00e1ng m\u1eaft m\u00e8o thi\u1ebft k\u1ebf g\u1ecdng kim lo\u1ea1i Titanium cao c\u1ea5p si\u00eau nh\u1eb9 v\u00e0 b\u1ec1n ch\u1eafc. Tr\u00f2ng k\u00ednh t\u1ed1i m\u00e0u gi\u00fap gi\u1ea3m ch\u00f3i, b\u1ea3o v\u1ec7 m\u1eaft hi\u1ec7u qu\u1ea3 khi \u0111i n\u1eafng.<\/p>\n","protected":false},"featured_media":34,"comment_status":"open","ping_status":"closed","template":"","meta":[],"product_brand":[],"product_cat":[19],"product_tag":[],"class_list":{"0":"post-32","1":"product","2":"type-product","3":"status-publish","4":"has-post-thumbnail","6":"product_cat-kinh-ram","8":"first","9":"instock","10":"shipping-taxable","11":"purchasable","12":"product-type-simple"},"jetpack_sharing_enabled":true,"_links":{"self":[{"href":"http:\/\/eyesgo.io.vn\/index.php\/wp-json\/wp\/v2\/product\/32","targetHints":{"allow":["GET"]}}],"collection":[{"href":"http:\/\/eyesgo.io.vn\/index.php\/wp-json\/wp\/v2\/product"}],"about":[{"href":"http:\/\/eyesgo.io.vn\/index.php\/wp-json\/wp\/v2\/types\/product"}],"replies":[{"embeddable":true,"href":"http:\/\/eyesgo.io.vn\/index.php\/wp-json\/wp\/v2\/comments?post=32"}],"wp:featuredmedia":[{"embeddable":true,"href":"http:\/\/eyesgo.io.vn\/index.php\/wp-json\/wp\/v2\/media\/34"}],"wp:attachment":[{"href":"http:\/\/eyesgo.io.vn\/index.php\/wp-json\/wp\/v2\/media?parent=32"}],"wp:term":[{"taxonomy":"product_brand","embeddable":true,"href":"http:\/\/eyesgo.io.vn\/index.php\/wp-json\/wp\/v2\/product_brand?post=32"},{"taxonomy":"product_cat","embeddable":true,"href":"http:\/\/eyesgo.io.vn\/index.php\/wp-json\/wp\/v2\/product_cat?post=32"},{"taxonomy":"product_tag","embeddable":true,"href":"http:\/\/eyesgo.io.vn\/index.php\/wp-json\/wp\/v2\/product_tag?post=32"}],"curies":[{"name":"wp","href":"https:\/\/api.w.org\/{rel}","templated":true}]}}