{"id":21,"date":"2026-01-06T18:33:15","date_gmt":"2026-01-06T10:33:15","guid":{"rendered":"http:\/\/eyesgo.io.vn\/?post_type=product&#038;p=21"},"modified":"2026-01-06T18:46:27","modified_gmt":"2026-01-06T10:46:27","slug":"gong-kinh-kim-loai-dang-oval","status":"publish","type":"product","link":"http:\/\/eyesgo.io.vn\/index.php\/san-pham\/gong-kinh-kim-loai-dang-oval\/","title":{"rendered":"G\u1ecdng k\u00ednh kim lo\u1ea1i d\u00e1ng oval"},"content":{"rendered":"<p>G\u1ecdng k\u00ednh kim lo\u1ea1i m\u1ea3nh nh\u1eb9, thi\u1ebft k\u1ebf d\u00e1ng oval bo tr\u00f2n gi\u00fap t\u00f4n g\u01b0\u01a1ng m\u1eb7t v\u00e0 t\u1ea1o c\u1ea3m gi\u00e1c m\u1ec1m m\u1ea1i, thanh l\u1ecbch. \u0110\u1ec7m m\u0169i \u00eam \u00e1i, \u0111eo l\u00e2u kh\u00f4ng \u0111au m\u0169i.<\/p>\n","protected":false},"excerpt":{"rendered":"<p>G\u1ecdng k\u00ednh kim lo\u1ea1i m\u1ea3nh nh\u1eb9, thi\u1ebft k\u1ebf d\u00e1ng oval bo tr\u00f2n gi\u00fap t\u00f4n g\u01b0\u01a1ng m\u1eb7t v\u00e0 t\u1ea1o c\u1ea3m gi\u00e1c m\u1ec1m m\u1ea1i, thanh l\u1ecbch. \u0110\u1ec7m m\u0169i \u00eam \u00e1i, \u0111eo l\u00e2u kh\u00f4ng \u0111au m\u0169i.<\/p>\n","protected":false},"featured_media":22,"comment_status":"open","ping_status":"closed","template":"","meta":[],"product_brand":[],"product_cat":[17],"product_tag":[],"class_list":{"0":"post-21","1":"product","2":"type-product","3":"status-publish","4":"has-post-thumbnail","6":"product_cat-gong-kinh-kim-loai","8":"first","9":"instock","10":"shipping-taxable","11":"purchasable","12":"product-type-simple"},"jetpack_sharing_enabled":true,"_links":{"self":[{"href":"http:\/\/eyesgo.io.vn\/index.php\/wp-json\/wp\/v2\/product\/21","targetHints":{"allow":["GET"]}}],"collection":[{"href":"http:\/\/eyesgo.io.vn\/index.php\/wp-json\/wp\/v2\/product"}],"about":[{"href":"http:\/\/eyesgo.io.vn\/index.php\/wp-json\/wp\/v2\/types\/product"}],"replies":[{"embeddable":true,"href":"http:\/\/eyesgo.io.vn\/index.php\/wp-json\/wp\/v2\/comments?post=21"}],"wp:featuredmedia":[{"embeddable":true,"href":"http:\/\/eyesgo.io.vn\/index.php\/wp-json\/wp\/v2\/media\/22"}],"wp:attachment":[{"href":"http:\/\/eyesgo.io.vn\/index.php\/wp-json\/wp\/v2\/media?parent=21"}],"wp:term":[{"taxonomy":"product_brand","embeddable":true,"href":"http:\/\/eyesgo.io.vn\/index.php\/wp-json\/wp\/v2\/product_brand?post=21"},{"taxonomy":"product_cat","embeddable":true,"href":"http:\/\/eyesgo.io.vn\/index.php\/wp-json\/wp\/v2\/product_cat?post=21"},{"taxonomy":"product_tag","embeddable":true,"href":"http:\/\/eyesgo.io.vn\/index.php\/wp-json\/wp\/v2\/product_tag?post=21"}],"curies":[{"name":"wp","href":"https:\/\/api.w.org\/{rel}","templated":true}]}}