{"id":59,"date":"2026-01-06T19:45:49","date_gmt":"2026-01-06T11:45:49","guid":{"rendered":"http:\/\/eyesgo.io.vn\/?page_id=59"},"modified":"2026-01-06T19:45:53","modified_gmt":"2026-01-06T11:45:53","slug":"ve-chung-toi","status":"publish","type":"page","link":"http:\/\/eyesgo.io.vn\/index.php\/ve-chung-toi\/","title":{"rendered":"V\u1ec1 ch\u00fang t\u00f4i"},"content":{"rendered":"\n<p>EYESGO ra \u0111\u1eddi t\u1eeb m\u1ed9t suy ngh\u0129 r\u1ea5t \u0111\u01a1n gi\u1ea3n: m\u1eaft k\u00ednh kh\u00f4ng ch\u1ec9 \u0111\u1ec3 nh\u00ecn r\u00f5, m\u00e0 c\u00f2n \u0111\u1ec3 th\u1ec3 hi\u1ec7n ch\u00ednh m\u00ecnh.<\/p>\n\n\n\n<p>Trong m\u1ed9t th\u1ebf gi\u1edbi lu\u00f4n chuy\u1ec3n \u0111\u1ed9ng, n\u01a1i m\u1ed7i ng\u01b0\u1eddi \u0111\u1ec1u c\u00f3 m\u1ed9t h\u00e0nh tr\u00ecnh v\u00e0 g\u00f3c nh\u00ecn ri\u00eang, EYESGO tin r\u1eb1ng \u0111\u00f4i m\u1eaft l\u00e0 n\u01a1i b\u1eaft \u0111\u1ea7u c\u1ee7a phong c\u00e1ch. M\u1ed9t chi\u1ebfc k\u00ednh ph\u00f9 h\u1ee3p kh\u00f4ng ch\u1ec9 b\u1ea3o v\u1ec7 th\u1ecb gi\u00e1c, m\u00e0 c\u00f2n ti\u1ebfp th\u00eam s\u1ef1 t\u1ef1 tin \u0111\u1ec3 b\u1ea1n b\u01b0\u1edbc \u0111i, kh\u00e1m ph\u00e1 v\u00e0 d\u00e1m kh\u00e1c bi\u1ec7t.<\/p>\n\n\n\n<p>T\u00ean g\u1ecdi EYESGO l\u00e0 s\u1ef1 k\u1ebft h\u1ee3p gi\u1eefa \u201cEyes\u201d \u2013 \u0111\u00f4i m\u1eaft v\u00e0 \u201cGo\u201d \u2013 chuy\u1ec3n \u0111\u1ed9ng. \u0110\u00f3 l\u00e0 tinh th\u1ea7n c\u1ee7a nh\u1eefng ng\u01b0\u1eddi tr\u1ebb lu\u00f4n ti\u1ebfn v\u1ec1 ph\u00eda tr\u01b0\u1edbc, kh\u00f4ng ng\u1ea1i thay \u0111\u1ed5i, kh\u00f4ng ng\u1eebng l\u00e0m m\u1edbi b\u1ea3n th\u00e2n. EYESGO \u0111\u1ed3ng h\u00e0nh c\u00f9ng b\u1ea1n trong t\u1eebng kho\u1ea3nh kh\u1eafc: t\u1eeb gi\u1ea3ng \u0111\u01b0\u1eddng, v\u0103n ph\u00f2ng \u0111\u1ebfn nh\u1eefng chuy\u1ebfn \u0111i \u0111\u1ea7y c\u1ea3m h\u1ee9ng.<\/p>\n\n\n\n<p>M\u1ed7i thi\u1ebft k\u1ebf c\u1ee7a EYESGO \u0111\u01b0\u1ee3c t\u1ea1o n\u00ean v\u1edbi tinh th\u1ea7n t\u1ed1i gi\u1ea3n \u2013 hi\u1ec7n \u0111\u1ea1i \u2013 d\u1ec5 \u1ee9ng d\u1ee5ng, ph\u00f9 h\u1ee3p v\u1edbi nh\u1ecbp s\u1ed1ng n\u0103ng \u0111\u1ed9ng c\u1ee7a gi\u1edbi tr\u1ebb. Ch\u00fang t\u00f4i tin r\u1eb1ng phong c\u00e1ch kh\u00f4ng c\u1ea7n ph\u00f4 tr\u01b0\u01a1ng, ch\u1ec9 c\u1ea7n \u0111\u00fang v\u1edbi b\u1ea1n.<\/p>\n\n\n\n<p>EYESGO kh\u00f4ng \u0111\u1ecbnh h\u00ecnh b\u1ea1n l\u00e0 ai.<br>EYESGO gi\u00fap b\u1ea1n nh\u00ecn th\u1ebf gi\u1edbi theo c\u00e1ch c\u1ee7a ri\u00eang m\u00ecnh.<\/p>\n\n\n\n<figure class=\"wp-block-image size-full\"><img fetchpriority=\"high\" decoding=\"async\" width=\"500\" height=\"500\" src=\"http:\/\/eyesgo.io.vn\/wp-content\/uploads\/2026\/01\/z7400562356447_3ea6da7bcc67f5fed85c491764a0b4c5.jpg\" alt=\"\" class=\"wp-image-10\" srcset=\"http:\/\/eyesgo.io.vn\/wp-content\/uploads\/2026\/01\/z7400562356447_3ea6da7bcc67f5fed85c491764a0b4c5.jpg 500w, http:\/\/eyesgo.io.vn\/wp-content\/uploads\/2026\/01\/z7400562356447_3ea6da7bcc67f5fed85c491764a0b4c5-300x300.jpg 300w, http:\/\/eyesgo.io.vn\/wp-content\/uploads\/2026\/01\/z7400562356447_3ea6da7bcc67f5fed85c491764a0b4c5-100x100.jpg 100w, http:\/\/eyesgo.io.vn\/wp-content\/uploads\/2026\/01\/z7400562356447_3ea6da7bcc67f5fed85c491764a0b4c5-150x150.jpg 150w\" sizes=\"(max-width: 500px) 100vw, 500px\" \/><\/figure>\n","protected":false},"excerpt":{"rendered":"<p>EYESGO ra \u0111\u1eddi t\u1eeb m\u1ed9t suy ngh\u0129 r\u1ea5t \u0111\u01a1n gi\u1ea3n: m\u1eaft k\u00ednh kh\u00f4ng ch\u1ec9 \u0111\u1ec3 nh\u00ecn r\u00f5, m\u00e0 c\u00f2n \u0111\u1ec3 th\u1ec3 hi\u1ec7n ch\u00ednh m\u00ecnh. Trong m\u1ed9t th\u1ebf gi\u1edbi lu\u00f4n chuy\u1ec3n \u0111\u1ed9ng, n\u01a1i m\u1ed7i ng\u01b0\u1eddi \u0111\u1ec1u c\u00f3 m\u1ed9t h\u00e0nh tr\u00ecnh v\u00e0 g\u00f3c nh\u00ecn ri\u00eang, EYESGO tin r\u1eb1ng \u0111\u00f4i m\u1eaft l\u00e0 n\u01a1i b\u1eaft \u0111\u1ea7u c\u1ee7a phong c\u00e1ch. &#8230; <a title=\"V\u1ec1 ch\u00fang t\u00f4i\" class=\"read-more\" href=\"http:\/\/eyesgo.io.vn\/index.php\/ve-chung-toi\/\" aria-label=\"\u0110\u1ecdc th\u00eam v\u1ec1 V\u1ec1 ch\u00fang t\u00f4i\">\u0110\u1ecdc ti\u1ebfp<\/a><\/p>\n","protected":false},"author":1,"featured_media":0,"parent":0,"menu_order":0,"comment_status":"closed","ping_status":"closed","template":"","meta":{"footnotes":""},"class_list":["post-59","page","type-page","status-publish"],"jetpack_sharing_enabled":true,"_links":{"self":[{"href":"http:\/\/eyesgo.io.vn\/index.php\/wp-json\/wp\/v2\/pages\/59","targetHints":{"allow":["GET"]}}],"collection":[{"href":"http:\/\/eyesgo.io.vn\/index.php\/wp-json\/wp\/v2\/pages"}],"about":[{"href":"http:\/\/eyesgo.io.vn\/index.php\/wp-json\/wp\/v2\/types\/page"}],"author":[{"embeddable":true,"href":"http:\/\/eyesgo.io.vn\/index.php\/wp-json\/wp\/v2\/users\/1"}],"replies":[{"embeddable":true,"href":"http:\/\/eyesgo.io.vn\/index.php\/wp-json\/wp\/v2\/comments?post=59"}],"version-history":[{"count":0,"href":"http:\/\/eyesgo.io.vn\/index.php\/wp-json\/wp\/v2\/pages\/59\/revisions"}],"wp:attachment":[{"href":"http:\/\/eyesgo.io.vn\/index.php\/wp-json\/wp\/v2\/media?parent=59"}],"curies":[{"name":"wp","href":"https:\/\/api.w.org\/{rel}","templated":true}]}}